{"id":2,"date":"2018-09-18T19:12:06","date_gmt":"2018-09-18T19:12:06","guid":{"rendered":"http:\/\/visualaudit.pt\/?page_id=2"},"modified":"2026-04-15T09:54:21","modified_gmt":"2026-04-15T09:54:21","slug":"sample-page","status":"publish","type":"page","link":"https:\/\/www.visualaudit.pt\/","title":{"rendered":"Sample Page"},"content":{"rendered":"<p><img decoding=\"async\" src=\"\/wp-content\/uploads\/2026\/03\/logo_aef.svg\" alt=\"\"><\/p>\n<h1>O seu Excel j\u00e1 fala &#8220;contabilistiqu\u00eas&#8221;?<\/h1>\n<div>\n<p class=\"p1\">Adicione fun\u00e7\u00f5es de auditoria e an\u00e1lise contabil\u00edstica diretamente no Excel.<\/p>\n<\/div>\n<div>\n<h2 class=\"p1\">Visual Audit \u00e9 um suplemento para Excel que adiciona fun\u00e7\u00f5es especializadas para analisar dados contabil\u00edsticos provenientes de <span class=\"s1\"><b>SAF-T, Primavera e PHC e Sage for Accountants<\/b><\/span>.<\/h2>\n<\/div>\n<hr>\n<ul>\n<li>\n<p>\n        <a href=\"mailto:comercial@wedoweb.pt\">Mais Informa\u00e7\u00f5es<\/a>\n    <\/p>\n<\/li>\n<li>\n<p>\n        <a href=\"https:\/\/www.visualaudit.pt\/excelfunctions\/Visual.Audit.Excel.Functions.Installer.application\">Download<\/a>\n    <\/p>\n<div>Dispon\u00edvel em breve<\/div>\n<\/li>\n<li>\n<p>\n        <a href=\"https:\/\/licenses.visualaudit.pt\/\">Obter uma licen\u00e7a<\/a>\n    <\/p>\n<div>Dispon\u00edvel em breve<\/div>\n<\/li>\n<li>\n<p>\n        <a href=\"\/index.php\/2026\/04\/06\/ajuda\/\">Ajuda<\/a>\n    <\/p>\n<\/li>\n<\/ul>\n<ul>\n<li>\n<h3>Mais r\u00e1pido<\/h3>\n<div>\n<p class=\"p1\">Reduz significativamente o tempo necess\u00e1rio para preparar an\u00e1lises contabil\u00edsticas.<\/p>\n<\/div>\n<\/li>\n<li>\n<h3>Menos erros<\/h3>\n<div>\n<p class=\"p1\">Evita manipula\u00e7\u00e3o manual de ficheiros exportados.<\/p>\n<\/div>\n<\/li>\n<li>\n<h3>Reutiliza\u00e7\u00e3o<\/h3>\n<div>\n<p class=\"p1\">Permite criar modelos reutiliz\u00e1veis aplic\u00e1veis a m\u00faltiplas empresas.<\/p>\n<\/div>\n<\/li>\n<li>\n<h3>Atualiza\u00e7\u00f5es autom\u00e1ticas<\/h3>\n<div>\n<p>A atualiza\u00e7\u00e3o de todos os mapas no ficheiro com um s\u00f3 clique.<\/p>\n<\/div>\n<\/li>\n<\/ul>\n<p><img decoding=\"async\" src=\"\/wp-content\/uploads\/2026\/04\/fluxo-scaled.png\" alt=\"\"><\/p>\n<h1>Pre\u00e7\u00e1rio<\/h1>\n<ul>\n<li>\n<h3>30\u20ac<\/h3>\n<div>\n<p class=\"p1\">6 meses<\/p>\n<\/div>\n<\/li>\n<li>\n<h3>60\u20ac<\/h3>\n<div>\n<p class=\"p1\">12 meses<\/p>\n<\/div>\n<\/li>\n<li>\n<h3>90\u20ac<\/h3>\n<div>\n<p class=\"p1\">18 meses<\/p>\n<\/div>\n<\/li>\n<li>\n<h3>120\u20ac<\/h3>\n<div>\n<p>24 meses<\/p>\n<\/div>\n<\/li>\n<\/ul>\n<div>\n<p>Acresce IVA \u00e0 taxa legal<\/p>\n<\/div>\n<p><img decoding=\"async\" src=\"\/wp-content\/uploads\/2026\/04\/formula2.png\" alt=\"\"><br \/>\n<img decoding=\"async\" src=\"\/wp-content\/uploads\/2026\/03\/visual-audit_sample_02-scaled.png\" alt=\"\"><\/p>\n<div>\n<h3>Licen\u00e7a Standard<\/h3>\n<div>\n<p>O Visual Audit est\u00e1 dispon\u00edvel atrav\u00e9s de uma <strong>licen\u00e7a anual no valor de 60\u20ac por utilizador\/dispositivo <\/strong>(acresce IVA \u00e0 taxa legal),\u00a0 permitindo a utiliza\u00e7\u00e3o do suplemento num equipamento espec\u00edfico por cada utilizador licenciado. Esta abordagem assegura uma gest\u00e3o simples e controlada das licen\u00e7as, ao mesmo tempo que garante acesso completo a todas as funcionalidades, incluindo atualiza\u00e7\u00f5es e melhorias cont\u00ednuas. Trata-se de um modelo acess\u00edvel, ajustado \u00e0 realidade de profissionais e pequenas equipas, com um custo reduzido face ao ganho de produtividade nas tarefas de an\u00e1lise e auditoria.<\/p>\n<\/div>\n<\/div>\n<ul>\n<li>\n<h3>A contabilidade est\u00e1 no ERP. A an\u00e1lise continua no Excel.<\/h3>\n<div>\n<p>Auditores e contabilistas utilizam frequentemente o Excel para analisar dados contabil\u00edsticos. No entanto, extrair informa\u00e7\u00e3o de sistemas como Primavera ou PHC implica normalmente:<\/p>\n<ol>\n<li>m\u00faltiplas exporta\u00e7\u00f5es de dados<\/li>\n<li>transforma\u00e7\u00e3o manual de ficheiros<\/li>\n<li>cria\u00e7\u00e3o repetitiva de balancetes<\/li>\n<li>elevado risco de erro<\/li>\n<\/ol>\n<p>Este processo consome tempo e torna dif\u00edcil reutilizar modelos de an\u00e1lise.<\/p>\n<\/div>\n<\/li>\n<li>\n<h3>Visual Audit adiciona fun\u00e7\u00f5es de auditoria ao Excel<\/h3>\n<div>\n<p class=\"p1\">O Visual Audit permite trabalhar com dados contabil\u00edsticos diretamente no Excel atrav\u00e9s de <span class=\"s1\"><b>fun\u00e7\u00f5es especializadas<\/b><\/span>.<\/p>\n<p class=\"p1\">Ap\u00f3s importar os dados contabil\u00edsticos, pode utilizar f\u00f3rmulas simples para:<\/p>\n<ol>\n<li>\n<p class=\"p1\">an\u00e1lises comparativas<\/p>\n<\/li>\n<li>\n<p class=\"p1\">mapas de auditoria<\/p>\n<\/li>\n<li>\n<p class=\"p1\">modelos reutiliz\u00e1veis<\/p>\n<\/li>\n<\/ol>\n<\/div>\n<\/li>\n<li>\n<h3>F\u00f3rmulas simples e directas<\/h3>\n<div>\n<p class=\"p1\"><strong>=VA.SaldoAteAoMes(<span class=\"s1\">&#8220;21*&#8221;<\/span>,<span class=\"s2\">12<\/span>,<span class=\"s2\">2024<\/span>)<\/strong><\/p>\n<p>Esta fun\u00e7\u00e3o devolve o saldo acumulado das contas que come\u00e7am por 21 at\u00e9 ao m\u00eas 12 do per\u00edodo 2024.<\/p>\n<\/div>\n<\/li>\n<\/ul>\n<p><!--more--><br \/>\n<!-- {\"type\":\"layout\",\"children\":[{\"type\":\"section\",\"props\":{\"image_position\":\"center-center\",\"padding_top\":\"xsmall\",\"style\":\"primary\",\"title_breakpoint\":\"xl\",\"title_position\":\"top-left\",\"title_rotation\":\"left\",\"vertical_align\":\"middle\",\"width\":\"default\"},\"children\":[{\"type\":\"row\",\"children\":[{\"type\":\"column\",\"props\":{\"image_position\":\"center-center\",\"position_sticky_breakpoint\":\"m\"},\"children\":[{\"type\":\"image\",\"props\":{\"image\":\"wp-content\/uploads\/2026\/03\/logo_aef.svg\",\"image_height\":70,\"image_svg_color\":\"emphasis\",\"margin_bottom\":\"default\",\"margin_top\":\"default\"}},{\"type\":\"headline\",\"props\":{\"content\":\"O seu Excel j\u00e1 fala \\\"contabilistiqu\u00eas\\\"?\",\"image_align\":\"left\",\"image_margin\":\"xsmall\",\"text_align\":\"center\",\"title_element\":\"h1\",\"title_style\":\"heading-xlarge\"}},{\"type\":\"text\",\"props\":{\"column_breakpoint\":\"m\",\"content\":\"\n\n<p class=\\\"p1\\\">Adicione fun\u00e7\u00f5es de auditoria e an\u00e1lise contabil\u00edstica diretamente no Excel.<\/p>\n\n\",\"margin_bottom\":\"default\",\"margin_top\":\"default\",\"text_align\":\"center\",\"text_style\":\"lead\"}},{\"type\":\"text\",\"props\":{\"column_breakpoint\":\"m\",\"content\":\"\n\n<h2 class=\\\"p1\\\">Visual Audit \u00e9 um suplemento para Excel que adiciona fun\u00e7\u00f5es especializadas para analisar dados contabil\u00edsticos provenientes de <span class=\\\"s1\\\"><b>SAF-T, Primavera e PHC e Sage for Accountants<\/b><\/span>.<\/h2>\n\n\",\"margin_bottom\":\"default\",\"margin_top\":\"default\",\"text_align\":\"center\"}},{\"type\":\"divider\",\"props\":{\"divider_element\":\"hr\"}},{\"type\":\"button\",\"props\":{\"animation\":\"fade\",\"button_size\":\"large\",\"fullwidth\":false,\"grid_column_gap\":\"medium\",\"grid_row_gap\":\"small\",\"margin_bottom\":\"default\",\"margin_top\":\"default\",\"text_align\":\"center\"},\"children\":[{\"type\":\"button_item\",\"props\":{\"button_style\":\"default\",\"content\":\"Mais Informa\u00e7\u00f5es\",\"dialog_layout\":\"modal\",\"dialog_offcanvas_flip\":true,\"icon\":\"mail\",\"icon_align\":\"left\",\"link\":\"mailto:comercial@wedoweb.pt\",\"link_target\":false}},{\"type\":\"button_item\",\"props\":{\"button_style\":\"default\",\"content\":\"Download\",\"dialog\":\"Dispon\u00edvel em breve\",\"dialog_layout\":\"modal\",\"dialog_offcanvas_flip\":true,\"icon\":\"cloud-download\",\"icon_align\":\"left\",\"link\":\"https:\/\/www.visualaudit.pt\/excelfunctions\/Visual.Audit.Excel.Functions.Installer.application\",\"link_target\":false}},{\"type\":\"button_item\",\"props\":{\"button_style\":\"default\",\"content\":\"Obter uma licen\u00e7a\",\"dialog\":\"Dispon\u00edvel em breve\",\"dialog_layout\":\"modal\",\"dialog_offcanvas_flip\":true,\"icon\":\"tag\",\"icon_align\":\"left\",\"link\":\"https:\/\/licenses.visualaudit.pt\/\",\"link_target\":true}},{\"type\":\"button_item\",\"props\":{\"button_style\":\"default\",\"content\":\"Ajuda\",\"dialog_layout\":\"modal\",\"dialog_offcanvas_flip\":true,\"icon\":\"lifesaver\",\"icon_align\":\"left\",\"link\":\"index.php\/2026\/04\/06\/ajuda\/\"}}]}]}]}]},{\"type\":\"section\",\"props\":{\"image_position\":\"center-center\",\"padding_bottom\":\"small\",\"padding_top\":\"small\",\"style\":\"default\",\"title_breakpoint\":\"xl\",\"title_position\":\"top-left\",\"title_rotation\":\"left\",\"vertical_align\":\"middle\",\"width\":\"default\"},\"children\":[{\"type\":\"row\",\"children\":[{\"type\":\"column\",\"props\":{\"image_position\":\"center-center\",\"position_sticky_breakpoint\":\"m\"},\"children\":[{\"type\":\"grid\",\"props\":{\"content_column_breakpoint\":\"m\",\"content_dropcap\":false,\"filter_align\":\"left\",\"filter_all\":true,\"filter_grid_breakpoint\":\"m\",\"filter_grid_width\":\"auto\",\"filter_position\":\"top\",\"filter_style\":\"tab\",\"grid_default\":\"1\",\"grid_medium\":\"4\",\"image_align\":\"top\",\"image_grid_breakpoint\":\"m\",\"image_grid_width\":\"1-2\",\"image_svg_color\":\"primary\",\"item_animation\":true,\"lightbox_bg_close\":true,\"link_style\":\"default\",\"link_text\":\"Read more\",\"margin_bottom\":\"default\",\"margin_top\":\"default\",\"meta_align\":\"below-title\",\"meta_element\":\"div\",\"meta_style\":\"text-meta\",\"panel_image_no_padding\":false,\"panel_padding\":\"small\",\"panel_style\":\"card-default\",\"show_content\":true,\"show_hover_image\":true,\"show_hover_video\":true,\"show_image\":true,\"show_link\":true,\"show_meta\":true,\"show_title\":true,\"show_video\":true,\"title_align\":\"top\",\"title_element\":\"h3\",\"title_grid_breakpoint\":\"m\",\"title_grid_width\":\"1-2\",\"title_hover_style\":\"reset\"},\"children\":[{\"type\":\"grid_item\",\"props\":{\"content\":\"\n\n<p class=\\\"p1\\\">Reduz significativamente o tempo necess\u00e1rio para preparar an\u00e1lises contabil\u00edsticas.<\/p>\n\n\",\"icon\":\"clock\",\"title\":\"Mais r\u00e1pido\"}},{\"type\":\"grid_item\",\"props\":{\"content\":\"\n\n<p class=\\\"p1\\\">Evita manipula\u00e7\u00e3o manual de ficheiros exportados.<\/p>\n\n\",\"icon\":\"check\",\"title\":\"Menos erros\"}},{\"type\":\"grid_item\",\"props\":{\"content\":\"\n\n<p class=\\\"p1\\\">Permite criar modelos reutiliz\u00e1veis aplic\u00e1veis a m\u00faltiplas empresas.<\/p>\n\n\",\"icon\":\"refresh\",\"title\":\"Reutiliza\u00e7\u00e3o\"}},{\"type\":\"grid_item\",\"props\":{\"content\":\"\n\n<p>A atualiza\u00e7\u00e3o de todos os mapas no ficheiro com um s\u00f3 clique.<\/p>\n\n\",\"icon\":\"star\",\"title\":\"Atualiza\u00e7\u00f5es autom\u00e1ticas\"}}]}]}]}]},{\"type\":\"section\",\"props\":{\"image_position\":\"center-center\",\"padding_bottom\":\"small\",\"padding_top\":\"small\",\"style\":\"default\",\"title_breakpoint\":\"xl\",\"title_position\":\"top-left\",\"title_rotation\":\"left\",\"vertical_align\":\"middle\",\"width\":\"default\"},\"children\":[{\"type\":\"row\",\"children\":[{\"type\":\"column\",\"props\":{\"image_position\":\"center-center\",\"position_sticky_breakpoint\":\"m\"},\"children\":[{\"type\":\"image\",\"props\":{\"image\":\"wp-content\/uploads\/2026\/04\/fluxo-scaled.png\",\"image_svg_color\":\"emphasis\",\"margin_bottom\":\"default\",\"margin_top\":\"default\"}}]}]}]},{\"type\":\"section\",\"props\":{\"image_position\":\"center-center\",\"style\":\"muted\",\"title_breakpoint\":\"xl\",\"title_position\":\"top-left\",\"title_rotation\":\"left\",\"vertical_align\":\"middle\",\"width\":\"default\"},\"children\":[{\"type\":\"row\",\"children\":[{\"type\":\"column\",\"props\":{\"image_position\":\"center-center\",\"position_sticky_breakpoint\":\"m\"},\"children\":[{\"type\":\"headline\",\"props\":{\"content\":\"Pre\u00e7\u00e1rio\",\"image_align\":\"left\",\"image_margin\":\"xsmall\",\"title_element\":\"h1\"}},{\"type\":\"grid\",\"props\":{\"content_column_breakpoint\":\"m\",\"content_dropcap\":false,\"filter_align\":\"left\",\"filter_all\":true,\"filter_grid_breakpoint\":\"m\",\"filter_grid_width\":\"auto\",\"filter_position\":\"top\",\"filter_style\":\"tab\",\"grid_default\":\"1\",\"grid_medium\":\"4\",\"image_align\":\"top\",\"image_grid_breakpoint\":\"m\",\"image_grid_width\":\"1-2\",\"image_svg_color\":\"primary\",\"item_animation\":true,\"lightbox_bg_close\":true,\"link_style\":\"default\",\"link_text\":\"Read more\",\"margin_bottom\":\"default\",\"margin_top\":\"default\",\"meta_align\":\"below-title\",\"meta_element\":\"div\",\"meta_style\":\"text-meta\",\"panel_image_no_padding\":false,\"panel_padding\":\"small\",\"panel_style\":\"card-default\",\"show_content\":true,\"show_hover_image\":true,\"show_hover_video\":true,\"show_image\":true,\"show_link\":true,\"show_meta\":true,\"show_title\":true,\"show_video\":true,\"title_align\":\"top\",\"title_element\":\"h3\",\"title_grid_breakpoint\":\"m\",\"title_grid_width\":\"1-2\",\"title_hover_style\":\"reset\"},\"children\":[{\"type\":\"grid_item\",\"props\":{\"content\":\"\n\n<p class=\\\"p1\\\">6 meses<\/p>\n\n\",\"icon\":\"\",\"title\":\"30\u20ac\"}},{\"type\":\"grid_item\",\"props\":{\"content\":\"\n\n<p class=\\\"p1\\\">12 meses<\/p>\n\n\",\"icon\":\"\",\"title\":\"60\u20ac\"}},{\"type\":\"grid_item\",\"props\":{\"content\":\"\n\n<p class=\\\"p1\\\">18 meses<\/p>\n\n\",\"icon\":\"\",\"title\":\"90\u20ac\"}},{\"type\":\"grid_item\",\"props\":{\"content\":\"\n\n<p>24 meses<\/p>\n\n\",\"icon\":\"\",\"title\":\"120\u20ac\"}}]},{\"type\":\"text\",\"props\":{\"column_breakpoint\":\"m\",\"content\":\"\n\n<p>Acresce IVA \u00e0 taxa legal<\/p>\n\n\",\"margin_bottom\":\"default\",\"margin_top\":\"default\"}}]}]}]},{\"type\":\"section\",\"props\":{\"image_position\":\"center-center\",\"padding_bottom\":\"small\",\"padding_top\":\"small\",\"style\":\"default\",\"title_breakpoint\":\"xl\",\"title_position\":\"top-left\",\"title_rotation\":\"left\",\"vertical_align\":\"middle\",\"width\":\"default\"},\"children\":[{\"type\":\"row\",\"children\":[{\"type\":\"column\",\"props\":{\"image_position\":\"center-center\",\"position_sticky_breakpoint\":\"m\"},\"children\":[{\"type\":\"image\",\"props\":{\"image\":\"wp-content\/uploads\/2026\/04\/formula2.png\",\"image_svg_color\":\"emphasis\",\"margin_bottom\":\"default\",\"margin_top\":\"default\"}},{\"type\":\"image\",\"props\":{\"image\":\"wp-content\/uploads\/2026\/03\/visual-audit_sample_02-scaled.png\",\"image_svg_color\":\"emphasis\",\"margin_bottom\":\"default\",\"margin_top\":\"default\"}}]}]}]},{\"type\":\"section\",\"props\":{\"image_position\":\"center-center\",\"padding_top\":\"small\",\"style\":\"default\",\"title_breakpoint\":\"xl\",\"title_position\":\"top-left\",\"title_rotation\":\"left\",\"vertical_align\":\"middle\",\"width\":\"default\"},\"children\":[{\"type\":\"row\",\"children\":[{\"type\":\"column\",\"props\":{\"image_position\":\"center-center\",\"position_sticky_breakpoint\":\"m\"},\"children\":[{\"type\":\"panel\",\"props\":{\"content\":\"\n\n<p>O Visual Audit est\u00e1 dispon\u00edvel atrav\u00e9s de uma <strong>licen\u00e7a anual no valor de 60\u20ac por utilizador\/dispositivo <\/strong>(acresce IVA \u00e0 taxa legal),\u00a0 permitindo a utiliza\u00e7\u00e3o do suplemento num equipamento espec\u00edfico por cada utilizador licenciado. Esta abordagem assegura uma gest\u00e3o simples e controlada das licen\u00e7as, ao mesmo tempo que garante acesso completo a todas as funcionalidades, incluindo atualiza\u00e7\u00f5es e melhorias cont\u00ednuas. Trata-se de um modelo acess\u00edvel, ajustado \u00e0 realidade de profissionais e pequenas equipas, com um custo reduzido face ao ganho de produtividade nas tarefas de an\u00e1lise e auditoria.<\/p>\n\n\",\"content_column_breakpoint\":\"m\",\"image_align\":\"top\",\"image_grid_breakpoint\":\"m\",\"image_grid_width\":\"1-2\",\"image_svg_color\":\"emphasis\",\"link_style\":\"default\",\"link_text\":\"Read more\",\"margin_bottom\":\"default\",\"margin_top\":\"default\",\"meta_align\":\"below-title\",\"meta_element\":\"div\",\"meta_style\":\"text-meta\",\"title\":\"Licen\u00e7a Standard\",\"title_align\":\"top\",\"title_element\":\"h3\",\"title_grid_breakpoint\":\"m\",\"title_grid_width\":\"1-2\",\"title_hover_style\":\"reset\"}}]}]}]},{\"name\":\"Image\",\"type\":\"section\",\"props\":{\"animation\":\"slide-bottom-medium\",\"id\":\"office\",\"image_position\":\"center-center\",\"padding_bottom\":\"small\",\"padding_top\":\"small\",\"style\":\"muted\",\"title_breakpoint\":\"xl\",\"title_position\":\"top-left\",\"title_rotation\":\"left\",\"vertical_align\":\"\",\"width\":\"default\"},\"children\":[{\"type\":\"row\",\"children\":[{\"type\":\"column\",\"props\":{\"image_position\":\"center-center\",\"position_sticky_breakpoint\":\"m\"},\"children\":[{\"type\":\"grid\",\"props\":{\"content_column_breakpoint\":\"m\",\"filter_align\":\"left\",\"filter_all\":true,\"filter_grid_breakpoint\":\"m\",\"filter_grid_width\":\"auto\",\"filter_position\":\"top\",\"filter_style\":\"tab\",\"grid_column_align\":false,\"grid_default\":\"1\",\"grid_divider\":false,\"grid_medium\":\"3\",\"grid_parallax\":\"0\",\"image_align\":\"top\",\"image_grid_breakpoint\":\"m\",\"image_grid_width\":\"1-2\",\"image_svg_color\":\"emphasis\",\"item_animation\":true,\"lightbox_bg_close\":true,\"link_style\":\"default\",\"link_text\":\"Read more\",\"margin_bottom\":\"default\",\"margin_top\":\"default\",\"meta_align\":\"below-title\",\"meta_element\":\"div\",\"meta_style\":\"text-meta\",\"panel_padding\":\"small\",\"panel_style\":\"card-overlay\",\"show_content\":true,\"show_hover_image\":true,\"show_hover_video\":true,\"show_image\":true,\"show_link\":true,\"show_meta\":true,\"show_title\":true,\"show_video\":true,\"title_align\":\"top\",\"title_element\":\"h3\",\"title_grid_breakpoint\":\"m\",\"title_grid_width\":\"1-2\",\"title_hover_style\":\"reset\"},\"children\":[{\"type\":\"grid_item\",\"props\":{\"content\":\"\n\n<p>Auditores e contabilistas utilizam frequentemente o Excel para analisar dados contabil\u00edsticos. No entanto, extrair informa\u00e7\u00e3o de sistemas como Primavera ou PHC implica normalmente:<\/p>\n\n\\n\n\n<ol>\\n\n\n<li>m\u00faltiplas exporta\u00e7\u00f5es de dados<\/li>\n\n\\n\n\n<li>transforma\u00e7\u00e3o manual de ficheiros<\/li>\n\n\\n\n\n<li>cria\u00e7\u00e3o repetitiva de balancetes<\/li>\n\n\\n\n\n<li>elevado risco de erro<\/li>\n\n\\n<\/ol>\n\n\\n\n\n<p>Este processo consome tempo e torna dif\u00edcil reutilizar modelos de an\u00e1lise.<\/p>\n\n\",\"title\":\"A contabilidade est\u00e1 no ERP. A an\u00e1lise continua no Excel.\"}},{\"type\":\"grid_item\",\"props\":{\"content\":\"\n\n<p class=\\\"p1\\\">O Visual Audit permite trabalhar com dados contabil\u00edsticos diretamente no Excel atrav\u00e9s de <span class=\\\"s1\\\"><b>fun\u00e7\u00f5es especializadas<\/b><\/span>.<\/p>\n\n\\n\n\n<p class=\\\"p1\\\">Ap\u00f3s importar os dados contabil\u00edsticos, pode utilizar f\u00f3rmulas simples para:<\/p>\n\n\\n\n\n<ol>\\n\n\n<li>\\n\n\n<p class=\\\"p1\\\">an\u00e1lises comparativas<\/p>\n\n\\n<\/li>\n\n\\n\n\n<li>\\n\n\n<p class=\\\"p1\\\">mapas de auditoria<\/p>\n\n\\n<\/li>\n\n\\n\n\n<li>\\n\n\n<p class=\\\"p1\\\">modelos reutiliz\u00e1veis<\/p>\n\n\\n<\/li>\n\n\\n<\/ol>\n\n\",\"title\":\"Visual Audit adiciona fun\u00e7\u00f5es de auditoria ao Excel\"}},{\"type\":\"grid_item\",\"props\":{\"content\":\"\n\n<p class=\\\"p1\\\"><strong>=VA.SaldoAteAoMes(<span class=\\\"s1\\\">\\\"21*\\\"<\/span>,<span class=\\\"s2\\\">12<\/span>,<span class=\\\"s2\\\">2024<\/span>)<\/strong><\/p>\n\n\\n\n\n<p>Esta fun\u00e7\u00e3o devolve o saldo acumulado das contas que come\u00e7am por 21 at\u00e9 ao m\u00eas 12 do per\u00edodo 2024.<\/p>\n\n\",\"title\":\"F\u00f3rmulas simples e directas\"}}]}]}]}]},{\"type\":\"section\",\"props\":{\"image_position\":\"center-center\",\"padding_bottom\":\"small\",\"padding_top\":\"small\",\"status\":\"disabled\",\"style\":\"default\",\"title_breakpoint\":\"xl\",\"title_position\":\"top-left\",\"title_rotation\":\"left\",\"vertical_align\":\"\",\"width\":\"default\"},\"children\":[{\"type\":\"row\",\"children\":[{\"type\":\"column\",\"props\":{\"image_position\":\"center-center\",\"position_sticky_breakpoint\":\"m\",\"width_medium\":\"1-1\"},\"children\":[{\"type\":\"divider\",\"props\":{\"divider_element\":\"hr\",\"divider_style\":\"icon\"}},{\"type\":\"headline\",\"props\":{\"content\":\"Deseja manter-se informado sobre este produto?\",\"image_align\":\"left\",\"image_margin\":\"xsmall\",\"text_align\":\"center\",\"title_element\":\"h1\",\"title_style\":\"h4\"}},{\"type\":\"text\",\"props\":{\"column_breakpoint\":\"m\",\"content\":\"\n\n<p>Subscreva a nossa lista e saber\u00e1 toda a informa\u00e7\u00e3o em primeira m\u00e3o.<\/p>\n\n\",\"margin_bottom\":\"default\",\"margin_top\":\"default\",\"text_align\":\"center\"}}]}]},{\"type\":\"row\",\"props\":{\"layout\":\"1-4,1-2,1-4\"},\"children\":[{\"type\":\"column\",\"props\":{\"image_position\":\"center-center\",\"position_sticky_breakpoint\":\"m\",\"width_medium\":\"1-4\"}},{\"type\":\"column\",\"props\":{\"image_position\":\"center-center\",\"position_sticky_breakpoint\":\"m\",\"width_medium\":\"1-2\"},\"children\":[{\"type\":\"newsletter\",\"props\":{\"button_icon\":\"mail\",\"button_mode\":\"button\",\"button_style\":\"default\",\"cmonitor\":{\"client_id\":\"\",\"list_id\":\"\"},\"label_button\":\"Subscrever\",\"label_email\":\"Email\",\"label_first_name\":\"Nome\",\"label_last_name\":\"Apelido\",\"layout\":\"stacked\",\"mailchimp\":{\"client_id\":\"\",\"list_id\":\"809a29ee72\",\"double_optin\":true},\"provider\":{\"name\":\"mailchimp\",\"after_submit\":\"message\",\"message\":\"Obrigado!\",\"redirect\":\"\"},\"show_name\":true}}]},{\"type\":\"column\",\"props\":{\"image_position\":\"center-center\",\"position_sticky_breakpoint\":\"m\",\"width_medium\":\"1-4\"}}]}]}],\"version\":\"5.0.28\"} --><\/p>\n","protected":false},"excerpt":{"rendered":"<p>O seu Excel j\u00e1 fala &#8220;contabilistiqu\u00eas&#8221;? Adicione fun\u00e7\u00f5es de auditoria e an\u00e1lise contabil\u00edstica diretamente no Excel. Visual Audit \u00e9 um suplemento para Excel que adiciona fun\u00e7\u00f5es especializadas para analisar dados contabil\u00edsticos provenientes de SAF-T, Primavera e PHC e Sage for Accountants. Mais Informa\u00e7\u00f5es Download Dispon\u00edvel em breve Obter uma licen\u00e7a Dispon\u00edvel em breve Ajuda Mais [&hellip;]<\/p>\n","protected":false},"author":1,"featured_media":0,"parent":0,"menu_order":0,"comment_status":"closed","ping_status":"open","template":"","meta":{"_crdt_document":"","footnotes":""},"class_list":["post-2","page","type-page","status-publish","hentry"],"_links":{"self":[{"href":"https:\/\/www.visualaudit.pt\/index.php\/wp-json\/wp\/v2\/pages\/2","targetHints":{"allow":["GET"]}}],"collection":[{"href":"https:\/\/www.visualaudit.pt\/index.php\/wp-json\/wp\/v2\/pages"}],"about":[{"href":"https:\/\/www.visualaudit.pt\/index.php\/wp-json\/wp\/v2\/types\/page"}],"author":[{"embeddable":true,"href":"https:\/\/www.visualaudit.pt\/index.php\/wp-json\/wp\/v2\/users\/1"}],"replies":[{"embeddable":true,"href":"https:\/\/www.visualaudit.pt\/index.php\/wp-json\/wp\/v2\/comments?post=2"}],"version-history":[{"count":79,"href":"https:\/\/www.visualaudit.pt\/index.php\/wp-json\/wp\/v2\/pages\/2\/revisions"}],"predecessor-version":[{"id":324,"href":"https:\/\/www.visualaudit.pt\/index.php\/wp-json\/wp\/v2\/pages\/2\/revisions\/324"}],"wp:attachment":[{"href":"https:\/\/www.visualaudit.pt\/index.php\/wp-json\/wp\/v2\/media?parent=2"}],"curies":[{"name":"wp","href":"https:\/\/api.w.org\/{rel}","templated":true}]}}